{"id":198,"date":"2019-10-17T18:52:25","date_gmt":"2019-10-17T16:52:25","guid":{"rendered":"http:\/\/www.freepicasso.org\/wpaps\/?page_id=198"},"modified":"2019-10-17T18:52:25","modified_gmt":"2019-10-17T16:52:25","slug":"i-progetti","status":"publish","type":"page","link":"https:\/\/www.freepicasso.org\/wpaps\/i-progetti\/","title":{"rendered":"I Progetti"},"content":{"rendered":"<p>L\u2019Associazione ha risorse umane fornite di competenze acquisite nei settori dell\u2019Istruzione e Formazione Professionale, Sanit\u00e0 e Legalit\u00e0. Dispone di una vasta rete interrelazionale, anche sovraprovinciale, che consente la traduzione pragmatica di Progetti collegati alla lettura\/analisi dei fabbisogni del Territorio. Fondamentale la capacit\u00e0 di dare risposte concrete tese a migliorare il tessuto socio\/economico, valorizzando capacit\u00e0 e abilit\u00e0 di tutti i Soggetti fragili, in particolare di giovani non consapevoli di s\u00e9 e del proprio potenziale. La padronanza di Metodologie dei processi di apprendimento e insegnamento accompagnati da solide conoscenze di Antropologia Culturale e Sociale, Didattica dell\u2019Inclusione e Psicologia della Formazione sono altro corredo indispensabile per l\u2019impostazione e la gestione qualificate e qualificanti dei Progetti.<\/p>\n<p>&nbsp;<\/p>\n<p><strong>PROGETTO &#8220;ARDU WARE&#8221;<\/strong><\/p>\n<p>Arduino \u00e8 una scheda elettronica di piccole dimensioni con un microcontrollore e circuiteria di contorno, utile per creare rapidamente prototipi e per scopi hobbistici e didattici. Con Arduino si possono realizzare in maniera relativamente rapida e semplice piccoli dispositivi come controllori di luci, di velocit\u00e0 per motori, sensori di luce, temperatura e umidit\u00e0 e molti altri progetti che utilizzano sensori, attuatori e comunicazione con altri dispositivi. Il progetto \u00e8 nato con l&#8217;obiettivo di diffondere l&#8217;utilizzo della scheda &#8220;Arduino Uno&#8221; ed \u00e8 mirato a realizzare e configurare hardware utile per sistemi di programmazione e controllo di sistemi domotici, curandone l&#8217;adattamento e l&#8217;interfacciamento con sensori, trasduttori ed attuatori. Nello svolgimento delle lezioni \u00e8 privilegiata la metodologia del learning by doing dove ogni lezione \u00e8 organizzata partendo da esercizi pratici svolti dai partecipanti sotto la guida del docente, che illustrer\u00e0 e approfondir\u00e0 gli aspetti teorici e tecnici.<\/p>\n<p><strong>PROGETTO: SPIN<\/strong><\/p>\n<p>A fronte delle problematiche sulla Sicurezza Pubblica e delle tensioni emerse in modo ingravescente, da ultimo anche nella realt\u00e0 pur contenuta della provincia di Massa Carrara e nello specifico della citt\u00e0 di Massa, ove, solo a titolo esemplificativo e purtroppo non esaustivo, dei ragazzi si sono scagliati contro altri ragazzi, per futili motivi, causando la morte di uno di essi e ferimenti; ove una donna \u00e8 stata uccisa a colpi di pistola nel ristorante dove lavorava; ove comunque giornalmente il fenomeno violenza \u00e8 \u201call\u2019onore\u201d delle cronache,&nbsp; \u00e8 parso come irrinunciabile e prioritario per l\u2019Associazione Free <strong><em>P.I.C.A.S.So<\/em><\/strong> un intervento che faccia crescere nelle giovani generazioni la coscienza civile, l\u2019ascolto degli altri con facilitazione al dialogo, lo sviluppo del senso di Responsabilit\u00e0, sempre inversamente proporzionale alla conoscenza dei Diritti dell\u2019altro da s\u00e9. Tanto al fine di creare la Cultura della Convivenza civile che distolga dalla tendenza sempre pi\u00f9 smaccata e consolidata tra le giovani generazioni di fare violenza, creare disordine, rendere la Societ\u00e0 a-sociale e regredita, simile a quella fissata da Hobbes con un aforisma famoso \u201cHomo homini lupus\u201d.<\/p>\n<p><strong>PROGETTO: \u201cLA CUCINA DEI POVERI E LA CUCINA DEI RICCHI\u201d<br \/>\n<\/strong><em>Arte del riciclo<\/em><\/p>\n<p>Presentato presso la sede scolastica Istituto Salvetti ad indirizzo Socio sanitario ha visto la partecipazione di Cuochi dell\u2019associazione cuochi e docenti presso l\u2019Istituto Alberghiero di Marina di Massa. Si \u00e8 evidenziata la qualit\u00e0 della cucina mediterranea, ancorch\u00e9 povera, per una corretta abitudine alimentare, nel rispetto della dietologia e scienza dell\u2019alimentazione. Corso bisettimanale aperto ad un\u2019utenza di persone giovani e meno giovani.<\/p>\n<p><strong>PROGETTO: \u201cCUCINA INCLUSIVA. A TAVOLA BUON APPETITO CON LA CELIACHIA!\u201d<\/strong><\/p>\n<p>Ancora con la collaborazione di docenti di alimentazione e laboratorio di cucina dell\u2019Istituto Alberghiero di Marina di Massa e cuochi dell\u2019Associazione cuochi di Massa Carrara corso aperto a giovani e meno giovani sulle diete per celiaci. Sede Istituto per i servizi socio sanitari Salvetti di Massa. Si sottolinea che L\u2019Istituto Salvetti \u00e8 l\u2019unico Istituto ad indirizzo socio sanitario della Provincia di Massa Carrara e conseguentemente offre la platea pi\u00f9 idonea per azioni mirate e progetti insistenti nel settore.<\/p>\n","protected":false},"excerpt":{"rendered":"<p>L\u2019Associazione ha risorse umane fornite di competenze acquisite nei settori dell\u2019Istruzione e Formazione Professionale, Sanit\u00e0 e Legalit\u00e0. Dispone di una vasta rete interrelazionale, anche sovraprovinciale, che consente la traduzione pragmatica di Progetti collegati alla&#46;&#46;&#46;<\/p>\n","protected":false},"author":1,"featured_media":0,"parent":0,"menu_order":0,"comment_status":"closed","ping_status":"closed","template":"","meta":{"ngg_post_thumbnail":0},"_links":{"self":[{"href":"https:\/\/www.freepicasso.org\/wpaps\/wp-json\/wp\/v2\/pages\/198"}],"collection":[{"href":"https:\/\/www.freepicasso.org\/wpaps\/wp-json\/wp\/v2\/pages"}],"about":[{"href":"https:\/\/www.freepicasso.org\/wpaps\/wp-json\/wp\/v2\/types\/page"}],"author":[{"embeddable":true,"href":"https:\/\/www.freepicasso.org\/wpaps\/wp-json\/wp\/v2\/users\/1"}],"replies":[{"embeddable":true,"href":"https:\/\/www.freepicasso.org\/wpaps\/wp-json\/wp\/v2\/comments?post=198"}],"version-history":[{"count":1,"href":"https:\/\/www.freepicasso.org\/wpaps\/wp-json\/wp\/v2\/pages\/198\/revisions"}],"predecessor-version":[{"id":199,"href":"https:\/\/www.freepicasso.org\/wpaps\/wp-json\/wp\/v2\/pages\/198\/revisions\/199"}],"wp:attachment":[{"href":"https:\/\/www.freepicasso.org\/wpaps\/wp-json\/wp\/v2\/media?parent=198"}],"curies":[{"name":"wp","href":"https:\/\/api.w.org\/{rel}","templated":true}]}}