{"id":189,"date":"2019-10-17T14:00:24","date_gmt":"2019-10-17T12:00:24","guid":{"rendered":"http:\/\/www.freepicasso.org\/wpaps\/?page_id=189"},"modified":"2019-10-20T20:25:16","modified_gmt":"2019-10-20T18:25:16","slug":"189-2","status":"publish","type":"page","link":"https:\/\/www.freepicasso.org\/wpaps\/189-2\/","title":{"rendered":"Maestro Antonio Possenti"},"content":{"rendered":"<table width=\"1000\">\n<tbody>\n<tr>\n<td style=\"text-align: left;\">A corollario gradevole e pittoresco della scelta di impegno e di ricerca intrapresa, il logo che il maestro <em>Antonio Possenti<\/em> concep\u00ec e ci dedic\u00f2 aggiunge qualcosa in pi\u00f9. Erano le feste natalizie del 2014 e nel suo studio, che si affacciava sulla suggestiva Piazza dell\u2019Anfiteatro di Lucca, il maestro Possenti mi \u201cintervist\u00f2\u201d sui motivi e le finalit\u00e0 dell\u2019Associazione che intendevamo portare avanti. Poi si mise a comporre e ci dette il suo splendido unico contributo, che costituisse il logo di FREE P.I.C.A.S.So. L\u2019uccellino che vola verso l\u2019alto e verso gli altri, generato dal mondo delle Idee e delle Aspirazioni ci rappresenta in modo nobilitante.<br \/>\nL\u2019Impegno \u00e8 fatto di concretezza ma anche di Utopia!<br \/>\nAncora grazie a Antonio Possenti e alla sua fiducia! Anche nel Suo ricordo cerchiamo di offrire il nostro impegno nel modo pi\u00f9 efficace e concreto.<\/p>\n<p style=\"padding-left: 80px;\"><em>Fiorella Fambrini<\/em><\/p>\n<p><img loading=\"lazy\" class=\" wp-image-190 aligncenter\" src=\"http:\/\/www.freepicasso.org\/wpaps\/wp-content\/uploads\/2019\/10\/PICASSO.jpg\" alt=\"\" width=\"176\" height=\"468\"><\/td>\n<\/tr>\n<tr>\n<td>Antonio Possenti (1933 &#8211; 2016)<\/td>\n<\/tr>\n<tr>\n<td>\n<p style=\"text-align: left;\">E\u2019 nato a Lucca e in questa citt\u00e0 aveva il suo studio nella Piazza dell\u2019Anfiteatro.<\/p>\n<p style=\"text-align: left;\">Compiuti gli studi classici, ha assai precocemente scoperto le qualit\u00e0 espressive del disegno, assecondando un\u2019inclinazione al racconto favoloso che ha in seguito mantenuto, anche mediante l\u2019osservazione attenta della \u201ccommedia umana\u201d.<\/p>\n<p style=\"text-align: left;\">Alla pittura \u00e8 giunto, da autodidatta, dal disegno e dall\u2019illustrazione.<\/p>\n<p style=\"text-align: left;\">Le sue occasioni formative sono state ideali ed elettive, frutto della curiosit\u00e0 intellettuali e della cultura letteraria e artistica che aveva respirato sin da bambino nella famiglia, spaziando dalla classicit\u00e0 greco-romana all\u2019epoca moderna e contemporanea e con una predilezione particolare per le esperienze di pi\u00f9 vivace e coinvolgente taglio fantastico. Ha viaggiato molto e conosciuto vari personaggi e culture, ma ritorna sempre a Lucca dove vive e ha lo studio nel cuore della citt\u00e0, luogo magico che raccoglie, come un\u2019immensa valigia, le testimonianze delle sue \u201cescursioni\u201d nel mondo. Nel corso della sua carriera ha esposto nelle principali gallerie italiane e straniere (Gianferrari, Il Milione, Appiani Arte 32 a Milano, Marescalchi e Forni a Bologna, Davico e Biasutti a Torino, il Traghetto a Venezia, Poggiali e Forconi a Firenze, L\u2019immagine ad Arezzo, Aminta a Siena, Philippe Guimiot a Bruxelles, Rutzmoser a Monaco, East West Gallery a Londra, Art Diagonal a Barcellona, ecc.), ha partecipato a numerose manifestazioni espositive internazionali, tra le altre Fiera d\u2019arte di Bologna, do Colonia, di Milano, Art Basel di Basilea, F.I.A.C. di Parigi, Art Fair di Los Angeles, Art Miami di Miami Beach, New York International Art Fair, Tuyap di Istambul, Foire d\u2019art di Gent, Arco di Madrid, Stoccolma, St\u2019Art di Strasburgo, BART di Barcellona.<\/p>\n<p style=\"text-align: left;\">Ha esposto con mostre personali in prestigiosi ambienti pubblici: Muse degli Uffizi, Sala d\u2019Armi di palazzo Vecchio a Firenze, Reggia di Caserta, Tour Fromage di Aosta, Palazzo Ducale di Massa, Castel dell\u2019Ovo di Napoli.<\/p>\n<p style=\"text-align: left;\">Ha ricevuto numerosi premi e riconoscimenti e le sue opere sono presenti in importanti collezioni private e pubbliche italiane e straniere.<\/p>\n<p style=\"text-align: left;\">Hanno scritto di lui critici, storici dell\u2019arte, scrittori e intellettuali, tra gli altri: Luca Beatrice, Fortunato Bellonzi, Aldo Busi, Dino Buzzati, Oscar Calabrese, Luciano Caprile, Raffaele Carrieri, Piero Chiara, Enrico Crispolti, Massimo Duranti, Giovanni Faccenda, Alfondo Gatto, Paolo Levi, Nicola Micieli, Marilena Pasquali, Roberto Sanesi, Pier Carlo Santini, Giorgio Saviane, Vittorio Sgarbi, Giorgio Soavi, Franco Solmi, Marcello Venturoli.<\/p>\n<p style=\"text-align: left;\">E\u2019 stato membro dell\u2019Accademia di Lettere, Scienze e Arti di Lucca e dell\u2019Accademia dell\u2019Arte del Disegno di Firenze.<\/p>\n<p style=\"text-align: left;\"><em>(Tratto dal sito ufficiale del Maestro Possenti)<\/em><\/p>\n<\/td>\n<\/tr>\n<\/tbody>\n<\/table>\n","protected":false},"excerpt":{"rendered":"<p>A corollario gradevole e pittoresco della scelta di impegno e di ricerca intrapresa, il logo che il maestro Antonio Possenti concep\u00ec e ci dedic\u00f2 aggiunge qualcosa in pi\u00f9. Erano le feste natalizie del 2014&#46;&#46;&#46;<\/p>\n","protected":false},"author":1,"featured_media":0,"parent":0,"menu_order":0,"comment_status":"closed","ping_status":"closed","template":"","meta":{"ngg_post_thumbnail":0},"_links":{"self":[{"href":"https:\/\/www.freepicasso.org\/wpaps\/wp-json\/wp\/v2\/pages\/189"}],"collection":[{"href":"https:\/\/www.freepicasso.org\/wpaps\/wp-json\/wp\/v2\/pages"}],"about":[{"href":"https:\/\/www.freepicasso.org\/wpaps\/wp-json\/wp\/v2\/types\/page"}],"author":[{"embeddable":true,"href":"https:\/\/www.freepicasso.org\/wpaps\/wp-json\/wp\/v2\/users\/1"}],"replies":[{"embeddable":true,"href":"https:\/\/www.freepicasso.org\/wpaps\/wp-json\/wp\/v2\/comments?post=189"}],"version-history":[{"count":7,"href":"https:\/\/www.freepicasso.org\/wpaps\/wp-json\/wp\/v2\/pages\/189\/revisions"}],"predecessor-version":[{"id":278,"href":"https:\/\/www.freepicasso.org\/wpaps\/wp-json\/wp\/v2\/pages\/189\/revisions\/278"}],"wp:attachment":[{"href":"https:\/\/www.freepicasso.org\/wpaps\/wp-json\/wp\/v2\/media?parent=189"}],"curies":[{"name":"wp","href":"https:\/\/api.w.org\/{rel}","templated":true}]}}